{"id":313,"date":"2016-01-17T20:59:05","date_gmt":"2016-01-17T20:59:05","guid":{"rendered":"http:\/\/konrad-consulting.net\/?page_id=313"},"modified":"2016-02-01T08:20:29","modified_gmt":"2016-02-01T08:20:29","slug":"dokumentation","status":"publish","type":"page","link":"http:\/\/konrad-consulting.net\/?page_id=313","title":{"rendered":"Dokumentation"},"content":{"rendered":"<div id=\"pl-313\"  class=\"panel-layout\" ><div id=\"pg-313-0\"  class=\"panel-grid panel-no-style\" ><div id=\"pgc-313-0-0\"  class=\"panel-grid-cell\" ><div id=\"panel-313-0-0-0\" class=\"so-panel widget widget_sow-image panel-first-child panel-last-child\" data-index=\"0\" ><div\n\t\t\t\n\t\t\tclass=\"so-widget-sow-image so-widget-sow-image-default-8b5b6f678277-313\"\n\t\t\t\n\t\t>\n\n<div class=\"sow-image-container\">\n\t\t<img loading=\"lazy\" decoding=\"async\" src=\"http:\/\/konrad-consulting.net\/wp-content\/uploads\/2016\/01\/Oeffentlichkeitsarbeit_1.jpg\" width=\"3000\" height=\"600\" srcset=\"http:\/\/konrad-consulting.net\/wp-content\/uploads\/2016\/01\/Oeffentlichkeitsarbeit_1.jpg 3000w, http:\/\/konrad-consulting.net\/wp-content\/uploads\/2016\/01\/Oeffentlichkeitsarbeit_1-300x60.jpg 300w, http:\/\/konrad-consulting.net\/wp-content\/uploads\/2016\/01\/Oeffentlichkeitsarbeit_1-768x154.jpg 768w, http:\/\/konrad-consulting.net\/wp-content\/uploads\/2016\/01\/Oeffentlichkeitsarbeit_1-1024x205.jpg 1024w\" sizes=\"(max-width: 3000px) 100vw, 3000px\" alt=\"\" \t\tclass=\"so-widget-image\"\/>\n\t<\/div>\n\n<\/div><\/div><\/div><\/div><div id=\"pg-313-1\"  class=\"panel-grid panel-has-style\" ><div class=\"siteorigin-panels-stretch panel-row-style panel-row-style-for-313-1\" data-stretch-type=\"full\" ><div id=\"pgc-313-1-0\"  class=\"panel-grid-cell\" ><div id=\"panel-313-1-0-0\" class=\"so-panel widget widget_sow-editor panel-first-child panel-last-child\" data-index=\"1\" ><div\n\t\t\t\n\t\t\tclass=\"so-widget-sow-editor so-widget-sow-editor-base\"\n\t\t\t\n\t\t>\n<div class=\"siteorigin-widget-tinymce textwidget\">\n\t<hr \/>\n<div class=\"animated fadeInLeft delay1 duration2\"><\/p>\n<h2><span style=\"color: #808080;\"><span style=\"color: #999999;\">Sie sind auf der Suche nach Geschichten aus Ihren Projektgebieten?<\/span> <span style=\"color: #6ebcd8;\">Wir finden sie!<\/span><\/span><\/h2>\n<p><\/div>\n<hr \/>\n<\/div>\n<\/div><\/div><\/div><\/div><\/div><div id=\"pg-313-2\"  class=\"panel-grid panel-no-style\" ><div id=\"pgc-313-2-0\"  class=\"panel-grid-cell\" ><div id=\"panel-313-2-0-0\" class=\"so-panel widget widget_sow-editor panel-first-child panel-last-child\" data-index=\"2\" ><div\n\t\t\t\n\t\t\tclass=\"so-widget-sow-editor so-widget-sow-editor-base\"\n\t\t\t\n\t\t>\n<div class=\"siteorigin-widget-tinymce textwidget\">\n\t<p style=\"text-align: left;\">Kommunikation ist der Schl\u00fcssel zu mehr Transparenz und damit erh\u00f6hter Glaubw\u00fcrdigkeit. W\u00e4hrend die Ergebnisse von Audits und Evaluierungen in der Regel nur f\u00fcr Experten und Projektmanager von Interesse sind, m\u00fcssen zur Information anderer Zielgruppen angepasste Formate entwickelt werden. Zu diesen Zielgruppen geh\u00f6rt nicht etwa nur die interessierte \u00d6ffentlichkeit, sondern alle betroffenen Akteursgruppen - also auch die lokale Dorfgemeinschaft am Rande Ihres Projektgebietes.<\/p>\n<p style=\"text-align: left;\">Konrad Applied Science Consulting arbeitet in diesem Bereich mit <strong>Bewegtbild Berlin<\/strong> zusammen. Gemeinsam entwickeln wir f\u00fcr den Kunden angepasste Kommunikationsformate und -kan\u00e4le und richten die Projektdokumentation entsprechend aus: neben der Ver\u00f6ffentlichung in Form von Berichten und wissenschaftlichen Artikeln umfasst dies beispielsweise auch die Erstellung von Foto- und Filmproduktion oder interaktivem Online-Content.<\/p>\n<\/div>\n<\/div><\/div><\/div><div id=\"pgc-313-2-1\"  class=\"panel-grid-cell\" ><div id=\"panel-313-2-1-0\" class=\"so-panel widget widget_sow-editor panel-first-child panel-last-child\" data-index=\"3\" ><div class=\"panel-widget-style panel-widget-style-for-313-2-1-0\" ><div\n\t\t\t\n\t\t\tclass=\"so-widget-sow-editor so-widget-sow-editor-base\"\n\t\t\t\n\t\t>\n<div class=\"siteorigin-widget-tinymce textwidget\">\n\t<h3><span style=\"color: #6ebcd8;\">Auswertung und mediale\/ kommunikative Aufbereitung der Ergebnisse<\/span><\/h3>\n<ul>\n<li><em>Popul\u00e4rwissenschaftliche Aufbereitung<\/em><\/li>\n<li><em>Texterstellung in reportageform<\/em><\/li>\n<li><em>Hochwertige Foto-Dokumentationen der Projektimplementierung<\/em><\/li>\n<li><em>Erstellung von Bewegtbildmaterial z.B. in Form von Erkl\u00e4rfilmen zu komplexen Naturschutzhintergr\u00fcnden, Veranstaltungsdokumentationen oder Projektdokumentation (als Online-Content)<\/em><\/li>\n<li><em>Anfertigen wissenschaftlicher Publikationen<\/em><\/li>\n<\/ul>\n<\/div>\n<\/div><\/div><\/div><\/div><\/div><div id=\"pg-313-3\"  class=\"panel-grid panel-no-style\" ><div id=\"pgc-313-3-0\"  class=\"panel-grid-cell\" ><div id=\"panel-313-3-0-0\" class=\"so-panel widget widget_sow-editor panel-first-child panel-last-child\" data-index=\"4\" ><div\n\t\t\t\n\t\t\tclass=\"so-widget-sow-editor so-widget-sow-editor-base\"\n\t\t\t\n\t\t>\n<div class=\"siteorigin-widget-tinymce textwidget\">\n\t<div class=\"animated fadeInLeft duration2 eds-on-scroll\"><\/p>\n<h1><a href=\"http:\/\/konrad-consulting.net\/?page_id=321\"><strong><span style=\"color: #dddd1f;\">\u00bb<\/span> <\/strong><span style=\"color: #999999;\">Capacity Building &amp; Mutual Learning<\/span><\/a><\/h1>\n<p><\/div>\n<\/div>\n<\/div><\/div><\/div><\/div><\/div>","protected":false},"excerpt":{"rendered":"<p>Sie sind auf der Suche nach Geschichten aus Ihren Projektgebieten? Wir finden sie! Kommunikation ist der Schl\u00fcssel zu mehr Transparenz und damit erh\u00f6hter Glaubw\u00fcrdigkeit. W\u00e4hrend die Ergebnisse von Audits und Evaluierungen in der Regel nur f\u00fcr Experten und Projektmanager von Interesse sind, m\u00fcssen zur Information anderer Zielgruppen angepasste Formate entwickelt werden. Zu diesen Zielgruppen geh\u00f6rt<a href=\"http:\/\/konrad-consulting.net\/?page_id=313\">[&#8230;]<\/a><\/p>\n","protected":false},"author":1,"featured_media":0,"parent":364,"menu_order":0,"comment_status":"closed","ping_status":"closed","template":"template-fullwidth.php","meta":{"jetpack_post_was_ever_published":false,"footnotes":""},"jetpack_sharing_enabled":true,"jetpack_shortlink":"https:\/\/wp.me\/P7bTOm-53","_links":{"self":[{"href":"http:\/\/konrad-consulting.net\/index.php?rest_route=\/wp\/v2\/pages\/313"}],"collection":[{"href":"http:\/\/konrad-consulting.net\/index.php?rest_route=\/wp\/v2\/pages"}],"about":[{"href":"http:\/\/konrad-consulting.net\/index.php?rest_route=\/wp\/v2\/types\/page"}],"author":[{"embeddable":true,"href":"http:\/\/konrad-consulting.net\/index.php?rest_route=\/wp\/v2\/users\/1"}],"replies":[{"embeddable":true,"href":"http:\/\/konrad-consulting.net\/index.php?rest_route=%2Fwp%2Fv2%2Fcomments&post=313"}],"version-history":[{"count":41,"href":"http:\/\/konrad-consulting.net\/index.php?rest_route=\/wp\/v2\/pages\/313\/revisions"}],"predecessor-version":[{"id":686,"href":"http:\/\/konrad-consulting.net\/index.php?rest_route=\/wp\/v2\/pages\/313\/revisions\/686"}],"up":[{"embeddable":true,"href":"http:\/\/konrad-consulting.net\/index.php?rest_route=\/wp\/v2\/pages\/364"}],"wp:attachment":[{"href":"http:\/\/konrad-consulting.net\/index.php?rest_route=%2Fwp%2Fv2%2Fmedia&parent=313"}],"curies":[{"name":"wp","href":"https:\/\/api.w.org\/{rel}","templated":true}]}}